{"id":715,"date":"2022-11-03T19:23:28","date_gmt":"2022-11-03T19:23:28","guid":{"rendered":"https:\/\/www.urbanbeach.net\/?page_id=715"},"modified":"2022-11-03T22:09:40","modified_gmt":"2022-11-03T22:09:40","slug":"tsallsidebars","status":"publish","type":"page","link":"https:\/\/www.urbanbeach.net\/pt\/tsallsidebars\/","title":{"rendered":"TSAllSidebars"},"content":{"rendered":"<div class=\"wrap plugin-container\">\n\n\t\n\t\n\t\t<div class=\"notice is-dismissible notice-warning\">\n\t\t\t\t\t<p>Sua vers\u00e3o Pro do Vik Booking foi rebaixada para a vers\u00e3o gratuita ap\u00f3s a atualiza\u00e7\u00e3o. Visite o <a href=\"\/pt\/admin.php\/?page=vikbooking&view=getpro\">V\u00e1 para o Pro<\/a> p\u00e1gina para restaurar suas configura\u00e7\u00f5es Pro e concluir o processo de atualiza\u00e7\u00e3o.<\/p>\n\t\t\t\t<\/div>\n\t\t<h3>Nenhuma promo\u00e7\u00e3o ativa encontrada<\/h3>\r\n\t\n<\/div>","protected":false},"excerpt":{"rendered":"","protected":false},"author":2,"featured_media":0,"parent":0,"menu_order":0,"comment_status":"closed","ping_status":"closed","template":"page-templates\/page-uppersidebar.php","meta":{"footnotes":""},"class_list":["post-715","page","type-page","status-publish","hentry"],"_links":{"self":[{"href":"https:\/\/www.urbanbeach.net\/pt\/wp-json\/wp\/v2\/pages\/715","targetHints":{"allow":["GET"]}}],"collection":[{"href":"https:\/\/www.urbanbeach.net\/pt\/wp-json\/wp\/v2\/pages"}],"about":[{"href":"https:\/\/www.urbanbeach.net\/pt\/wp-json\/wp\/v2\/types\/page"}],"author":[{"embeddable":true,"href":"https:\/\/www.urbanbeach.net\/pt\/wp-json\/wp\/v2\/users\/2"}],"replies":[{"embeddable":true,"href":"https:\/\/www.urbanbeach.net\/pt\/wp-json\/wp\/v2\/comments?post=715"}],"version-history":[{"count":3,"href":"https:\/\/www.urbanbeach.net\/pt\/wp-json\/wp\/v2\/pages\/715\/revisions"}],"predecessor-version":[{"id":719,"href":"https:\/\/www.urbanbeach.net\/pt\/wp-json\/wp\/v2\/pages\/715\/revisions\/719"}],"wp:attachment":[{"href":"https:\/\/www.urbanbeach.net\/pt\/wp-json\/wp\/v2\/media?parent=715"}],"curies":[{"name":"wp","href":"https:\/\/api.w.org\/{rel}","templated":true}]}}